{"id":2410,"date":"2020-11-12T15:55:39","date_gmt":"2020-11-12T14:55:39","guid":{"rendered":"http:\/\/artchemia.org\/index.php\/accueil-copy\/"},"modified":"2020-11-12T15:56:22","modified_gmt":"2020-11-12T14:56:22","slug":"home-3","status":"publish","type":"page","link":"https:\/\/artchemia.org\/index.php\/home-3\/","title":{"rendered":"Ev\u00e9nements"},"content":{"rendered":"<div id=\"themify_builder_content-2410\" data-postid=\"2410\" class=\"themify_builder_content themify_builder_content-2410 themify_builder tf_clear\">\n    \t<!-- module_row -->\n\t<div   data-css_id=\"tb_vnc5700\" data-lazy=\"1\" class=\"themify_builder_row module_row full-height fullcover tb_vnc5700 tb_first clearfix\">\n\t    <div class=\"tf_abs builder_row_cover\"><\/div>\t    <div class=\"row_inner col_align_top tf_box tf_w tf_rel\" >\n\t\t\t<div  data-lazy=\"1\" class=\"module_column tb-column col-full first tb_rguk909 tf_box\" >\n\t    \t    \t        <div class=\"tb-column-inner tf_box tf_w\">\n\t\t    <!-- module text -->\n<div  class=\"module module-text tb_f1xu008    wow\" data-tf-animation=\"fadeInUp\" data-lazy=\"1\">\n            <div  class=\"tb_text_wrap\">\n    <h1>Artchemia<\/h1>    <\/div>\n<\/div>\n<!-- \/module text --><!-- module text -->\n<div  class=\"module module-text tb_s3ep909   \" data-lazy=\"1\">\n            <div  class=\"tb_text_wrap\">\n    <p>Plateforme de connexions gnostiques<\/p>    <\/div>\n<\/div>\n<!-- \/module text --><!-- module text -->\n<div  class=\"module module-text tb_3xgv101   \" data-lazy=\"1\">\n            <div  class=\"tb_text_wrap\">\n    <p class=\"p1\">De l\u2019alchimie de l\u2019art et de la nature se lib\u00e8re la magie de la vie.<\/p>    <\/div>\n<\/div>\n<!-- \/module text --><!-- module divider -->\n<div  class=\"module tf_mw module-divider tb_xbcs006 double   \" style=\"border-width: 3px;border-color: #ffffff;\" data-lazy=\"1\">\n        <\/div>\n<!-- \/module divider -->\n<!-- module text -->\n<div  class=\"module module-text tb_u95t112   \" data-lazy=\"1\">\n            <div  class=\"tb_text_wrap\">\n    <p>NOUVEAUTES BOUTIQUE<\/p>    <\/div>\n<\/div>\n<!-- \/module text -->\t        <\/div>\n\t    \t<\/div>\n\t\t    <\/div>\n\t    <!-- \/row_inner -->\n\t<\/div>\n\t<!-- \/module_row -->\n\t\t<!-- module_row -->\n\t<div   data-anchor=\"nouveautes\" data-hide-anchor=\"1\" data-css_id=\"tb_gsbd165\" data-lazy=\"1\" class=\"themify_builder_row module_row builder-parallax-scrolling tb_has_section tb_section-nouveautes tb_gsbd165 clearfix\">\n\t    <div class=\"tf_abs builder_row_cover\"><\/div>\t    <div class=\"row_inner col_align_top gutter-none tf_box tf_w tf_rel\" >\n\t\t\t<div  data-lazy=\"1\" class=\"module_column tb-column col3-1 first tb_yhlp023 tf_box\">\n\t    \t    \t        <div class=\"tb-column-inner tf_box tf_w\">\n\t\t    \t<div  data-lazy=\"1\" class=\"themify_builder_sub_row module_subrow tb_p4da000 tf_w clearfix\">\n\t    \t    <div class=\"subrow_inner col_align_top tf_box tf_w\" >\n\t\t\t<div  data-lazy=\"1\" class=\"sub_column module_column tf_box col-full first tb_n7ij606\"> \n\t    \t    \t        <div class=\"tb-column-inner tf_box tf_w\">\n\t\t    <!-- module image -->\n<div  class=\"module module-image tb_em14450   image-center tf_mw wow\" data-tf-animation=\"fadeIn\" data-lazy=\"1\">\n            <div class=\"image-wrap tf_rel tf_mw\">\n\t\t    <img src=\"http:\/\/artchemia.org\/wp-content\/uploads\/2020\/11\/760E078E-15D0-4233-81E5-88EF1EDF9D3F.png\" width=\"445\" height=\"1418\" title=\"Ev\u00e9nements\" alt=\"Ev\u00e9nements\">\t\n\t\t<\/div>\n\t<!-- \/image-wrap -->\n    \n    \n<\/div>\n<!-- \/module image --><!-- module text -->\n<div  class=\"module module-text tb_et1l405   \" data-lazy=\"1\">\n                <h3 class=\"module-title\">MISOGI<\/h3>        <div  class=\"tb_text_wrap\">\n    Lucie DEHLI \/ MISOGI\nAlbum : Homam 2020\nComposed &#038; performed by Lucie Dehli\nFeaturing Jo QUAIL (Cello)\n\nwww.luciedehli.com\nwww.joquail.co.uk\n\n&#8220;Misogi is a washing away of all defilements, a removal of all obstacles, a separation from disorder, an abstention from negative thought, a radiant state of unadorned purity, the accomplishment of all things, a condition of lofty virtue, and a spotless environment. In misogi one returns to the very beginning, where there is no differentiation between oneself and the universe.&#8221; MORIHEI UESHIBA    <\/div>\n<\/div>\n<!-- \/module text --><!-- module buttons -->\n<div  class=\"module module-buttons tb_7467010 buttons-horizontal solid  small rounded tf_textc\" data-lazy=\"1\">\n            \t<div class=\"module-buttons-item tf_inline_b\">\n\t    \t\t    <a href=\"https:\/\/themify.me\/\" class=\"ui builder_button black\" target=\"_blank\" rel=\"noopener\">\n\t\t\t\t        \t\t<span class=\"tf_inline_b tf_vmiddle\">Acheter<\/span>\n\t\t    \t\t    \t\t    <\/a>\n\t\t        \t<\/div>\n\t    <\/div>\n<!-- \/module buttons -->\n\t        <\/div>\n\t    \t<\/div>\n\t\t    <\/div>\n\t<\/div><!-- \/themify_builder_sub_row -->\n\t\t        <\/div>\n\t    \t<\/div>\n\t\t<div  data-lazy=\"1\" class=\"module_column tb-column col3-1 middle tb_tr9h950 tf_box\">\n\t    \t    \t        <div class=\"tb-column-inner tf_box tf_w\">\n\t\t    \t<div  data-lazy=\"1\" class=\"themify_builder_sub_row module_subrow tb_bx7n016 tf_w clearfix\">\n\t    \t    <div class=\"subrow_inner col_align_top tf_box tf_w\" >\n\t\t\t<div  data-lazy=\"1\" class=\"sub_column module_column tf_box col-full first tb_0q22700\"> \n\t    \t    \t        <div class=\"tb-column-inner tf_box tf_w\">\n\t\t    <!-- module image -->\n<div  class=\"module module-image tb_ut7q166   image-center tf_mw wow\" data-tf-animation=\"fadeIn\" data-lazy=\"1\">\n            <div class=\"image-wrap tf_rel tf_mw\">\n\t\t    <img src=\"http:\/\/artchemia.org\/wp-content\/uploads\/2020\/11\/IMG_1995.png\" width=\"445\" height=\"1024\" title=\"Ev\u00e9nements\" alt=\"Ev\u00e9nements\">\t\n\t\t<\/div>\n\t<!-- \/image-wrap -->\n    \n    \n<\/div>\n<!-- \/module image --><!-- module text -->\n<div  class=\"module module-text tb_9q6z680   \" data-lazy=\"1\">\n                <h3 class=\"module-title\">rennes celtique vectorielle<\/h3>        <div  class=\"tb_text_wrap\">\n    <p>Premi\u00e8re version vectoris\u00e9e de la carte (cod\u00e9e) dessin\u00e9e par Edmond Boudet, gravure parue en 1886 dans \u00ab La Vraie Langue Celtique &#8211; Le Chromleck de Rennes-Les-Bains \u00bb, \u0153uvre initiatique \u00e9crite par Henri Boudet, cur\u00e9 de RLB chez Pomi\u00e8s \u00e0 Carcassonne.<\/p>    <\/div>\n<\/div>\n<!-- \/module text --><!-- module buttons -->\n<div  class=\"module module-buttons tb_jodv607 buttons-horizontal solid  small rounded tf_textc\" data-lazy=\"1\">\n            \t<div class=\"module-buttons-item tf_inline_b\">\n\t    \t\t    <a href=\"https:\/\/themify.me\/\" class=\"ui builder_button black\" target=\"_blank\" rel=\"noopener\">\n\t\t\t\t        \t\t<span class=\"tf_inline_b tf_vmiddle\">Acheter<\/span>\n\t\t    \t\t    \t\t    <\/a>\n\t\t        \t<\/div>\n\t    <\/div>\n<!-- \/module buttons -->\n\t        <\/div>\n\t    \t<\/div>\n\t\t    <\/div>\n\t<\/div><!-- \/themify_builder_sub_row -->\n\t\t        <\/div>\n\t    \t<\/div>\n\t\t<div  data-lazy=\"1\" class=\"module_column tb-column col3-1 last tb_z612606 tf_box\">\n\t    \t    \t<\/div>\n\t\t    <\/div>\n\t    <!-- \/row_inner -->\n\t<\/div>\n\t<!-- \/module_row -->\n\t\t<!-- module_row -->\n\t<div   data-css_id=\"tb_rrr4006\" data-lazy=\"1\" class=\"themify_builder_row module_row repeat tb_rrr4006 clearfix\">\n\t    \t    <div class=\"row_inner col_align_top tf_box tf_w tf_rel\" >\n\t\t\t<div  data-lazy=\"1\" class=\"module_column tb-column col-full first tb_02fl150 tf_box\">\n\t    \t    \t        <div class=\"tb-column-inner tf_box tf_w\">\n\t\t    <!-- module divider -->\n<div  class=\"module tf_mw module-divider tb_umql100 double   \" style=\"border-width: 3px;border-color: #ffffff;\" data-lazy=\"1\">\n        <\/div>\n<!-- \/module divider -->\n<!-- module post -->\n<div  class=\"module module-post tb_ppx6151 \">\n    <h3 class=\"module-title\">ARTICLES<\/h3>    <div  class=\"builder-posts-wrap loops-wrapper list-thumb-image tf_clear clearfix\" data-lazy=\"1\">\n\t\n<article id=\"post-1\" class=\"post clearfix post-1 type-post status-publish format-standard has-post-thumbnail hentry category-non-classe has-post-title has-post-date has-post-category has-post-tag has-post-comment has-post-author \">\n\t\n\t\t\t\t<figure class=\"post-image clearfix\">\n\t\t\t    \t\t\t\t\t\t\t\t<a href=\"https:\/\/artchemia.org\/index.php\/2020\/11\/05\/bonjour-tout-le-monde\/\">\n\t\t\t\t\t\t\t\t<img loading=\"lazy\" width=\"253\" height=\"161\" src=\"https:\/\/artchemia.org\/wp-content\/uploads\/2020\/11\/cromlech_0002.png\" class=\"wp-post-image wp-image-2472\" title=\"cromlech_0002\" alt=\"cromlech_0002\">\t\t\t\t\t\t\t\t    \t\t\t\t<\/a>\n\t\t\t\t\t\t\t    \t\t\t<\/figure>\n\t\t\t\n\t<div class=\"post-content\">\n\t\t\t\t\t<div class=\"post-meta entry-meta\">\n                                    <div class=\"post-author-wrapper\">\n                        \t                        <span class=\"author-avatar\">\n\t                            <img alt='Artchemia' src='https:\/\/secure.gravatar.com\/avatar\/bd6f2c3d1e661505e48db6e178b003b5?s=65&#038;d=mm&#038;r=g' srcset='https:\/\/secure.gravatar.com\/avatar\/bd6f2c3d1e661505e48db6e178b003b5?s=130&#038;d=mm&#038;r=g 2x' itemprop='image' class='avatar avatar-65 photo' height='65' width='65' loading='lazy'\/>\t                        <\/span>\n\t\t\t\t\t\t\t\t\t\t\t\t<div class=\"post-author-inner-wrapper\">\n\t\t\t\t\t\t\t\t\t\t\t\t\t\t\t<span class=\"post-author\"><span class=\"author vcard\"><a class=\"url fn n\" href=\"https:\/\/artchemia.org\/index.php\/author\/artchemia\/\" rel=\"author\">Artchemia<\/a><\/span><\/span>\n\t\t\t\t\t\t\t\t                        \t                            <time datetime=\"2020-11-05\" class=\"post-date entry-date updated\">5 novembre 2020<\/time>\n\t                        \t\t\t\t\t\t<\/div>\n                    <\/div>\n                \t\t\t\t\t\t\t\t<div class=\"post-cattag-wrapper\">\n\t\t\t\t    <span class=\"post-category\"><a href=\"https:\/\/artchemia.org\/index.php\/category\/non-classe\/\" rel=\"tag\" class=\"term-non-classe\">Non class\u00e9<\/a><\/span>\t\t\t\t\t\t\t\t\t\t    \t\t\t\t\t\t\t\t\t\t<\/div>\n\t\t\t\t                      <span class=\"post-comment\">\n\t       <a href=\"https:\/\/artchemia.org\/index.php\/2020\/11\/05\/bonjour-tout-le-monde\/#comments\">1<\/a>\t    <\/span>\n\t\t\t\t\t<\/div>\n\t\t\n\t\t<h2 class=\"post-title entry-title\"><a href=\"https:\/\/artchemia.org\/index.php\/2020\/11\/05\/bonjour-tout-le-monde\/\">LE CROMLECK DE RENNES-LES-BAINS<\/a><\/h2>\n\t\t\t\t\t<div class=\"entry-content\">\n\n\t    \n\t\t<p>Bans de Rennos, de Balneis Montiferrandi, R\u00e8gnes D\u00e9finition&nbsp;:&nbsp;Monument m\u00e9galithique pr\u00e9historique constitu\u00e9 par un alignement de monolithes verticaux (menhirs), formant une enceinte de pierres lev\u00e9es, g\u00e9n\u00e9ralement circulaire. Parfois un menhir est plac\u00e9 au centre.On peut trouver des cromlechs qui ont d\u2019autres formes, depuis le simple alignement droit ou rectangulaire jusqu\u2019aux longues murailles serpentantes, mais on consid\u00e8re [&hellip;]<\/p>\n\n\t\t\n\t    \n\t<\/div><!-- \/.entry-content -->\n\t\n\t<\/div>\n\t<!-- \/.post-content -->\n\t\n<\/article>\n<!-- \/.post -->\n    <\/div><!-- .builder-posts-wrap -->\n        <\/div>\n<!-- \/module post -->\n\t        <\/div>\n\t    \t<\/div>\n\t\t    <\/div>\n\t    <!-- \/row_inner -->\n\t<\/div>\n\t<!-- \/module_row -->\n\t\t<!-- module_row -->\n\t<div   data-css_id=\"tb_nyg1500\" data-lazy=\"1\" class=\"themify_builder_row module_row repeat tb_nyg1500 clearfix\">\n\t    \t    <div class=\"row_inner col_align_top tf_box tf_w tf_rel\" >\n\t\t\t<div  data-lazy=\"1\" class=\"module_column tb-column col-full first tb_uy19516 tf_box\">\n\t    \t    \t        <div class=\"tb-column-inner tf_box tf_w\">\n\t\t    <!-- module post -->\n<div  class=\"module module-post tb_vp41016  tb_fullwidth_image\">\n        <div  class=\"builder-posts-wrap loops-wrapper grid3 tf_clear clearfix\" data-lazy=\"1\">\n\t\n<article id=\"post-1\" class=\"post clearfix post-1 type-post status-publish format-standard has-post-thumbnail hentry category-non-classe has-post-title has-post-date has-post-category has-post-tag has-post-comment has-post-author \">\n\t\n\t\t\t\t<figure class=\"post-image clearfix\">\n\t\t\t    \t\t\t\t\t\t\t\t<a href=\"https:\/\/artchemia.org\/index.php\/2020\/11\/05\/bonjour-tout-le-monde\/\">\n\t\t\t\t\t\t\t\t<img loading=\"lazy\" width=\"253\" height=\"161\" src=\"https:\/\/artchemia.org\/wp-content\/uploads\/2020\/11\/cromlech_0002.png\" class=\"wp-post-image wp-image-2472\" title=\"cromlech_0002\" alt=\"cromlech_0002\">\t\t\t\t\t\t\t\t    \t\t\t\t<\/a>\n\t\t\t\t\t\t\t    \t\t\t<\/figure>\n\t\t\t\n\t<div class=\"post-content\">\n\t\t\n\t\t<h2 class=\"post-title entry-title\"><a href=\"https:\/\/artchemia.org\/index.php\/2020\/11\/05\/bonjour-tout-le-monde\/\">LE CROMLECK DE RENNES-LES-BAINS<\/a><\/h2>\n\t\t\t\t\t<div class=\"entry-content\">\n\n\t    \n\t\t<p>Bans de Rennos, de Balneis Montiferrandi, R\u00e8gnes D\u00e9finition&nbsp;:&nbsp;Monument m\u00e9galithique pr\u00e9historique constitu\u00e9 par un alignement de monolithes verticaux (menhirs), formant une enceinte de pierres lev\u00e9es, g\u00e9n\u00e9ralement circulaire. Parfois un menhir est plac\u00e9 au centre.On peut trouver des cromlechs qui ont d\u2019autres formes, depuis le simple alignement droit ou rectangulaire jusqu\u2019aux longues murailles serpentantes, mais on consid\u00e8re [&hellip;]<\/p>\n\n\t\t\n\t    \n\t<\/div><!-- \/.entry-content -->\n\t\n\t<\/div>\n\t<!-- \/.post-content -->\n\t\n<\/article>\n<!-- \/.post -->\n\n<article id=\"post-66\" class=\"post clearfix post-66 type-post status-publish format-standard has-post-thumbnail hentry category-fashion-event tag-event tag-exhibition has-post-title has-post-date has-post-category has-post-tag has-post-comment has-post-author \">\n\t\n\t\t\t\t<figure class=\"post-image clearfix\">\n\t\t\t    \t\t\t\t\t\t\t\t<a href=\"https:\/\/artchemia.org\/index.php\/2016\/02\/19\/summer-fashion-exhibition\/\">\n\t\t\t\t\t\t\t\t<img loading=\"lazy\" width=\"1100\" height=\"1100\" src=\"https:\/\/artchemia.org\/wp-content\/uploads\/2020\/11\/57284001.jpg\" class=\"wp-post-image wp-image-12\" title=\"57284001\" alt=\"57284001\" srcset=\"https:\/\/artchemia.org\/wp-content\/uploads\/2020\/11\/57284001.jpg 1100w, https:\/\/artchemia.org\/wp-content\/uploads\/2020\/11\/57284001-300x300.jpg 300w, https:\/\/artchemia.org\/wp-content\/uploads\/2020\/11\/57284001-1024x1024.jpg 1024w, https:\/\/artchemia.org\/wp-content\/uploads\/2020\/11\/57284001-150x150.jpg 150w, https:\/\/artchemia.org\/wp-content\/uploads\/2020\/11\/57284001-768x768.jpg 768w, https:\/\/artchemia.org\/wp-content\/uploads\/2020\/11\/57284001-1024x1024-30x30.jpg 30w\" sizes=\"(max-width: 1100px) 100vw, 1100px\" \/>\t\t\t\t\t\t\t\t    \t\t\t\t<\/a>\n\t\t\t\t\t\t\t    \t\t\t<\/figure>\n\t\t\t\n\t<div class=\"post-content\">\n\t\t\n\t\t<h2 class=\"post-title entry-title\"><a href=\"https:\/\/artchemia.org\/index.php\/2016\/02\/19\/summer-fashion-exhibition\/\">Summer Fashion Exhibition<\/a><\/h2>\n\t\t\t\t\t<div class=\"entry-content\">\n\n\t    \n\t\t<p>At vero eos et accusamus et iusto odio dignissimos ducimus qui blanditiis praesentium voluptatum deleniti atque corrupti quos dolores et quas molestias excepturi sint occaecati cupiditate non provident, similique sunt in culpa qui officia deserunt mollitia animi, id est laborum et dolorum fuga. Et harum quidem rerum facilis est et expedita distinctio. Nam libero tempore, [&hellip;]<\/p>\n\n\t\t\n\t    \n\t<\/div><!-- \/.entry-content -->\n\t\n\t<\/div>\n\t<!-- \/.post-content -->\n\t\n<\/article>\n<!-- \/.post -->\n\n<article id=\"post-64\" class=\"post clearfix post-64 type-post status-publish format-standard has-post-thumbnail hentry category-fashion-event tag-event has-post-title has-post-date has-post-category has-post-tag has-post-comment has-post-author \">\n\t\n\t\t\t\t<figure class=\"post-image clearfix\">\n\t\t\t    \t\t\t\t\t\t\t\t<a href=\"https:\/\/artchemia.org\/index.php\/2016\/02\/19\/spring-fashion-event\/\">\n\t\t\t\t\t\t\t\t<img loading=\"lazy\" width=\"1100\" height=\"1100\" src=\"https:\/\/artchemia.org\/wp-content\/uploads\/2020\/11\/57284001.jpg\" class=\"wp-post-image wp-image-12\" title=\"57284001\" alt=\"57284001\" srcset=\"https:\/\/artchemia.org\/wp-content\/uploads\/2020\/11\/57284001.jpg 1100w, https:\/\/artchemia.org\/wp-content\/uploads\/2020\/11\/57284001-300x300.jpg 300w, https:\/\/artchemia.org\/wp-content\/uploads\/2020\/11\/57284001-1024x1024.jpg 1024w, https:\/\/artchemia.org\/wp-content\/uploads\/2020\/11\/57284001-150x150.jpg 150w, https:\/\/artchemia.org\/wp-content\/uploads\/2020\/11\/57284001-768x768.jpg 768w, https:\/\/artchemia.org\/wp-content\/uploads\/2020\/11\/57284001-1024x1024-30x30.jpg 30w\" sizes=\"(max-width: 1100px) 100vw, 1100px\" \/>\t\t\t\t\t\t\t\t    \t\t\t\t<\/a>\n\t\t\t\t\t\t\t    \t\t\t<\/figure>\n\t\t\t\n\t<div class=\"post-content\">\n\t\t\n\t\t<h2 class=\"post-title entry-title\"><a href=\"https:\/\/artchemia.org\/index.php\/2016\/02\/19\/spring-fashion-event\/\">Spring Fashion Event<\/a><\/h2>\n\t\t\t\t\t<div class=\"entry-content\">\n\n\t    \n\t\t<p>Nam libero tempore, cum soluta nobis est eligendi optio cumque nihil impedit quo minus id quod maxime placeat facere possimus, omnis voluptas assumenda est, omnis dolor repellendus. Temporibus autem quibusdam et aut officiis debitis aut rerum necessitatibus saepe eveniet ut et voluptates repudiandae sint et molestiae non recusandae. Itaque earum rerum hic tenetur a sapiente [&hellip;]<\/p>\n\n\t\t\n\t    \n\t<\/div><!-- \/.entry-content -->\n\t\n\t<\/div>\n\t<!-- \/.post-content -->\n\t\n<\/article>\n<!-- \/.post -->\n    <\/div><!-- .builder-posts-wrap -->\n        <\/div>\n<!-- \/module post -->\n\t        <\/div>\n\t    \t<\/div>\n\t\t    <\/div>\n\t    <!-- \/row_inner -->\n\t<\/div>\n\t<!-- \/module_row -->\n\t<\/div>\n\n","protected":false},"excerpt":{"rendered":"<p>Artchemia Plateforme de connexions gnostiques De l\u2019alchimie de l\u2019art et de la nature se lib\u00e8re la magie de la vie. NOUVEAUTES BOUTIQUE MISOGI Lucie DEHLI \/ MISOGI Album : Homam 2020 Composed &#038; performed by Lucie Dehli Featuring Jo QUAIL (Cello) www.luciedehli.com www.joquail.co.uk &#8220;Misogi is a washing away of all defilements, a removal of all [&hellip;]<\/p>\n","protected":false},"author":1,"featured_media":0,"parent":0,"menu_order":0,"comment_status":"closed","ping_status":"closed","template":"","meta":[],"builder_content":"<h1>Artchemia<\/h1>\n<p>Plateforme de connexions gnostiques<\/p>\n<p>De l\u2019alchimie de l\u2019art et de la nature se lib\u00e8re la magie de la vie.<\/p>\n\n<p>NOUVEAUTES BOUTIQUE<\/p>\n<img src=\"http:\/\/artchemia.org\/wp-content\/uploads\/2020\/11\/760E078E-15D0-4233-81E5-88EF1EDF9D3F.png\" width=\"445\" height=\"1418\" title=\"Ev\u00e9nements\" alt=\"Ev\u00e9nements\">\n<h3>MISOGI<\/h3> Lucie DEHLI \/ MISOGI Album : Homam 2020 Composed & performed by Lucie Dehli Featuring Jo QUAIL (Cello)\nwww.luciedehli.com www.joquail.co.uk\n\"Misogi is a washing away of all defilements, a removal of all obstacles, a separation from disorder, an abstention from negative thought, a radiant state of unadorned purity, the accomplishment of all things, a condition of lofty virtue, and a spotless environment. In misogi one returns to the very beginning, where there is no differentiation between oneself and the universe.\" MORIHEI UESHIBA\n<a href=\"https:\/\/themify.me\/\" target=\"_blank\" rel=\"noopener\"> Acheter <\/a>\n<img src=\"http:\/\/artchemia.org\/wp-content\/uploads\/2020\/11\/IMG_1995.png\" width=\"445\" height=\"1024\" title=\"Ev\u00e9nements\" alt=\"Ev\u00e9nements\">\n<h3>rennes celtique vectorielle<\/h3> <p>Premi\u00e8re version vectoris\u00e9e de la carte (cod\u00e9e) dessin\u00e9e par Edmond Boudet, gravure parue en 1886 dans \u00ab La Vraie Langue Celtique - Le Chromleck de Rennes-Les-Bains \u00bb, \u0153uvre initiatique \u00e9crite par Henri Boudet, cur\u00e9 de RLB chez Pomi\u00e8s \u00e0 Carcassonne.<\/p>\n<a href=\"https:\/\/themify.me\/\" target=\"_blank\" rel=\"noopener\"> Acheter <\/a>\n\n\n","_links":{"self":[{"href":"https:\/\/artchemia.org\/index.php\/wp-json\/wp\/v2\/pages\/2410"}],"collection":[{"href":"https:\/\/artchemia.org\/index.php\/wp-json\/wp\/v2\/pages"}],"about":[{"href":"https:\/\/artchemia.org\/index.php\/wp-json\/wp\/v2\/types\/page"}],"author":[{"embeddable":true,"href":"https:\/\/artchemia.org\/index.php\/wp-json\/wp\/v2\/users\/1"}],"replies":[{"embeddable":true,"href":"https:\/\/artchemia.org\/index.php\/wp-json\/wp\/v2\/comments?post=2410"}],"version-history":[{"count":3,"href":"https:\/\/artchemia.org\/index.php\/wp-json\/wp\/v2\/pages\/2410\/revisions"}],"predecessor-version":[{"id":2413,"href":"https:\/\/artchemia.org\/index.php\/wp-json\/wp\/v2\/pages\/2410\/revisions\/2413"}],"wp:attachment":[{"href":"https:\/\/artchemia.org\/index.php\/wp-json\/wp\/v2\/media?parent=2410"}],"curies":[{"name":"wp","href":"https:\/\/api.w.org\/{rel}","templated":true}]}}