{"id":2478,"date":"2020-11-12T18:34:01","date_gmt":"2020-11-12T17:34:01","guid":{"rendered":"http:\/\/artchemia.org\/index.php\/accueil-copy\/"},"modified":"2025-09-23T17:59:51","modified_gmt":"2025-09-23T15:59:51","slug":"home-5","status":"publish","type":"page","link":"https:\/\/artchemia.org\/index.php\/home-5\/","title":{"rendered":"A propos"},"content":{"rendered":"<div id=\"themify_builder_content-2478\" data-postid=\"2478\" class=\"themify_builder_content themify_builder_content-2478 themify_builder tf_clear\">\n    \t<!-- module_row -->\n\t<div   data-css_id=\"tb_ru2c455\" data-lazy=\"1\" class=\"themify_builder_row module_row fullcover fullwidth tb_ru2c455 tb_first clearfix\">\n\t    <div class=\"tf_abs builder_row_cover\"><\/div>\t    <div class=\"row_inner col_align_top gutter-none tf_box tf_w tf_rel\"   data-basecol=\"1\" data-col_tablet=\"tablet-full\">\n\t\t\t<div  data-lazy=\"1\" class=\"module_column tb-column col-full first tb_0ml0007 tf_box\" >\n\t    \t    \t        <div class=\"tb-column-inner tf_box tf_w\">\n\t\t    \t<div  data-lazy=\"1\" class=\"themify_builder_sub_row module_subrow best-fit-image tb_wk3o050 tf_w clearfix\" >\n\t    \t    <div class=\"subrow_inner col_align_middle tf_box tf_w\"   data-basecol=\"1\" data-col_mobile=\"mobile-full\">\n\t\t\t<div  data-lazy=\"1\" class=\"sub_column module_column tf_box col-full first tb_172d510 repeat\" > \n\t    \t    \t        <div class=\"tb-column-inner tf_box tf_w\">\n\t\t    <!-- module menu -->\n<div  class=\"module module-menu tb_pugv500  hide-on-stick mobile-menu-slide tf_textc\" data-menu-style=\"mobile-menu-slide\" data-menu-breakpoint=\"500\" data-menu-direction=\"left\" data-element-id=\"tb_pugv500\" data-lazy=\"1\">\n            <div class=\"body-overlay\"><\/div>\n        \n    \t\t\t\t<style>\n\t\t\t\t\t@media screen and (max-width:500px){\n\t\t\t\t\t\t.tb_pugv500 .menu-module-burger{\n\t\t\t\t\t\t\tdisplay:block\n\t\t\t\t\t\t}\n                        .tb_pugv500 .module-menu-container.is-open{\n                            display:inline-block;\n                        }\n\t\t\t\t\t\t.tb_pugv500 .module-menu-container:not(.is-open){\n\t\t\t\t\t\t\tdisplay:none\n\t\t\t\t\t\t}\n\t\t\t\t\t}\n\t\t\t\t<\/style>\n\t\t\t\t<a rel=\"nofollow\" href=\"javascript:void(0)\" class=\"tf_hide menu-module-burger\">\n\t\t\t\t\t<span class=\"menu-module-burger-inner tf_inline_b tf_rel\"><\/span>\n\t\t\t\t<\/a>\n\t\t\t\t\t\t\n\t\t\t<div class=\"module-menu-container tf_textc\"><ul id=\"menu-menu_1\" class=\"ui clearfix nav tf_rel fullwidth black \"><li id=\"menu-item-2459\" class=\"menu-item-page-90 menu-item menu-item-type-post_type menu-item-object-page menu-item-home current-menu-item page_item page-item-90 current_page_item menu-item-2459\"><a href=\"https:\/\/artchemia.org\/\" aria-current=\"page\">Accueil<\/a><\/li>\n<li id=\"menu-item-2486\" class=\"menu-item-page-2478 menu-item menu-item-type-post_type menu-item-object-page menu-item-2486\"><a href=\"https:\/\/artchemia.org\/index.php\/home-5\/\">A propos<\/a><\/li>\n<li id=\"menu-item-2462\" class=\"menu-item-page-2388 menu-item menu-item-type-post_type menu-item-object-page menu-item-2462\"><a href=\"https:\/\/artchemia.org\/index.php\/home-2\/\">Arts Visuels<\/a><\/li>\n<li id=\"menu-item-2461\" class=\"menu-item-page-2392 menu-item menu-item-type-post_type menu-item-object-page menu-item-2461\"><a href=\"https:\/\/artchemia.org\/index.php\/home-2-2\/\">Arts Sonores<\/a><\/li>\n<li id=\"menu-item-2491\" class=\"menu-item-page-2487 menu-item menu-item-type-post_type menu-item-object-page menu-item-2491\"><a href=\"https:\/\/artchemia.org\/index.php\/home-6\/\">Chant Synergique<\/a><\/li>\n<li id=\"menu-item-2465\" class=\"menu-item-page-2396 menu-item menu-item-type-post_type menu-item-object-page menu-item-2465\"><a href=\"https:\/\/artchemia.org\/index.php\/home-2-2-2\/\">Edition<\/a><\/li>\n<li id=\"menu-item-2467\" class=\"menu-item-page-2414 menu-item menu-item-type-post_type menu-item-object-page menu-item-2467\"><a href=\"https:\/\/artchemia.org\/index.php\/home-4\/\">M\u00e9ditation<\/a><\/li>\n<li id=\"menu-item-2468\" class=\"menu-item-page-2400 menu-item menu-item-type-post_type menu-item-object-page menu-item-2468\"><a href=\"https:\/\/artchemia.org\/index.php\/home-2-2-2-2\/\">Naturopathie<\/a><\/li>\n<li id=\"menu-item-2466\" class=\"menu-item-page-2410 menu-item menu-item-type-post_type menu-item-object-page menu-item-2466\"><a href=\"https:\/\/artchemia.org\/index.php\/home-3\/\">Ev\u00e9nements<\/a><\/li>\n<li id=\"menu-item-2463\" class=\"menu-item-page-144 menu-item menu-item-type-post_type menu-item-object-page menu-item-2463\"><a href=\"https:\/\/artchemia.org\/index.php\/blog\/\">Je fais et je comprends&#8230;<\/a><\/li>\n<\/ul><\/div><\/div>\n<!-- \/module menu -->\n\t        <\/div>\n\t    \t<\/div>\n\t\t    <\/div>\n\t<\/div><!-- \/themify_builder_sub_row -->\n\t\t        <\/div>\n\t    \t<\/div>\n\t\t    <\/div>\n\t    <!-- \/row_inner -->\n\t<\/div>\n\t<!-- \/module_row -->\n\t\t<!-- module_row -->\n\t<div   data-css_id=\"tb_w6o8777\" data-lazy=\"1\" class=\"themify_builder_row module_row full-height repeat fullwidth tb_w6o8777 clearfix hide-on-stick\">\n\t    <div class=\"tf_abs builder_row_cover\"><\/div>\t    <div class=\"row_inner col_align_top tf_box tf_w tf_rel\" >\n\t\t\t<div  data-lazy=\"1\" class=\"module_column tb-column col-full first tb_l0g3807 tf_box\" >\n\t    \t    \t        <div class=\"tb-column-inner tf_box tf_w\">\n\t\t    <!-- module text -->\n<div  class=\"module module-text tb_sct4700    wow\" data-tf-animation=\"fadeInUp\" data-lazy=\"1\">\n            <div  class=\"tb_text_wrap\">\n    <h1>Artchemia<\/h1>    <\/div>\n<\/div>\n<!-- \/module text --><!-- module text -->\n<div  class=\"module module-text tb_04pf585   \" data-lazy=\"1\">\n            <div  class=\"tb_text_wrap\">\n    <p>Plateforme de connexions gnostiques<\/p>    <\/div>\n<\/div>\n<!-- \/module text --><!-- module text -->\n<div  class=\"module module-text tb_vuht055   \" data-lazy=\"1\">\n            <div  class=\"tb_text_wrap\">\n    <p class=\"p1\">De l\u2019alchimie de l\u2019art et de la nature se lib\u00e8re la magie de la vie.<\/p>    <\/div>\n<\/div>\n<!-- \/module text -->\t        <\/div>\n\t    \t<\/div>\n\t\t    <\/div>\n\t    <!-- \/row_inner -->\n\t<\/div>\n\t<!-- \/module_row -->\n\t\t<!-- module_row -->\n\t<div  data-css_id=\"tb_qark547\" data-lazy=\"1\" class=\"themify_builder_row module_row tb_qark547 clearfix\">\n\t    \t    <div class=\"row_inner col_align_top tf_box tf_w tf_rel\" >\n\t\t\t<div  data-lazy=\"1\" class=\"module_column tb-column col-full first tb_sg09225 tf_box\">\n\t    \t    \t        <div class=\"tb-column-inner tf_box tf_w\">\n\t\t    <!-- module divider -->\n<div  class=\"module tf_mw module-divider tb_n4bi955 solid   \" style=\"border-width: 1px;border-color: #000000;\" data-lazy=\"1\">\n        <\/div>\n<!-- \/module divider -->\n\t        <\/div>\n\t    \t<\/div>\n\t\t    <\/div>\n\t    <!-- \/row_inner -->\n\t<\/div>\n\t<!-- \/module_row -->\n\t\t<!-- module_row -->\n\t<div  data-css_id=\"tb_coev557\" data-lazy=\"1\" class=\"themify_builder_row module_row tb_coev557 clearfix\">\n\t    \t    <div class=\"row_inner col_align_top tf_box tf_w tf_rel\" >\n\t\t\t<div  data-lazy=\"1\" class=\"module_column tb-column col-full first tb_ixl1557 tf_box\">\n\t    \t    \t        <div class=\"tb-column-inner tf_box tf_w\">\n\t\t    <!-- module text -->\n<div  class=\"module module-text tb_5g3j703   \" data-lazy=\"1\">\n            <div  class=\"tb_text_wrap\">\n    <p data-start=\"277\" data-end=\"605\"><strong data-start=\"277\" data-end=\"290\">Artchemia<\/strong> est une plateforme de connexion gnostique, initi\u00e9e par deux artistes,<strong data-start=\"361\" data-end=\"379\">\u00a0<a href=\"http:\/\/www.luciedehli.com\">Lucie Dehli <\/a><\/strong>et <strong><a href=\"http:\/\/www.hoebregs.com\">Micka\u00ebl Hoebregs<\/a><\/strong>, \u00e0 la crois\u00e9e de l\u2019art, de la cr\u00e9ativit\u00e9 et de la qu\u00eate int\u00e9rieure.<br data-start=\"471\" data-end=\"474\" \/><strong>De l\u2019alchimie de l\u2019art et de la nature se lib\u00e8re la magie de la vie<\/strong> : telle est notre conviction et le fil conducteur de ce lieu.<\/p>\n<p data-start=\"607\" data-end=\"1151\"><strong>Artchemia<\/strong> est libre de toute appartenance religieuse. Elle s\u2019inscrit dans une vision initiatique et spirituelle, ouverte, o\u00f9 l\u2019\u00e9nergie et la cr\u00e9ation se rencontrent pour r\u00e9v\u00e9ler d\u2019autres mani\u00e8res de vivre, de ressentir et de partager. <strong data-start=\"847\" data-end=\"860\">Artchemia<\/strong> se veut un espace de rencontre entre des univers multiples &#8211; arts visuels, arts sonores, pratiques corporelles, approches naturopathiques &#8211; et des personnes d\u00e9sireuses d\u2019aborder la vie au-del\u00e0 de la lin\u00e9arit\u00e9 et de la verticalit\u00e9, dans une dimension plus vibrante, sensible et holistique.<\/p>\n<p data-start=\"1153\" data-end=\"1503\"><strong data-start=\"1153\" data-end=\"1171\">Lucie Dehli<\/strong>, artiste visuelle et sonore, ma\u00eetre-praticienne (Lucie Gaillard) en Sophrologie Dynamique\u00ae, a d\u00e9velopp\u00e9 la <strong data-start=\"1251\" data-end=\"1282\">m\u00e9thode du <a href=\"http:\/\/www.chantsynergique.com\">C<\/a><a href=\"http:\/\/www.chantsynergique.com\">hant Synergique<\/a><\/strong>, fruit de ses recherches autour du chant et de la sophrologie dynamique. Elle propose \u00e9galement des conf\u00e9rences et ateliers autour de &#8220;<strong data-start=\"1417\" data-end=\"1456\">l\u2019Essence Energ\u00e9tique de la r\u00e9alit\u00e9&#8221;<\/strong> et des forces cr\u00e9atives qui nous traversent.<\/p>\n<p data-start=\"1505\" data-end=\"1837\"><strong data-start=\"1505\" data-end=\"1525\">Micka\u00ebl Hoebregs <\/strong>est un artiste visuel, num\u00e9rique largement publi\u00e9 et \u00e9dit\u00e9, et typographe. Il est \u00e9galement professeur et enseigne selon la <strong data-start=\"1596\" data-end=\"1626\">p\u00e9dagogie de la cr\u00e9ativit\u00e9<\/strong> dont il a fait son sujet d&#8217;\u00e9tudes. Ses productions artistiques, ses recherches sur les th\u00e8mes \u00e9nerg\u00e9tiques (<strong><a href=\"http:\/\/www.rennesceltique.wordpress.com\">Voir site Rennes Celtique<\/a><\/strong>) et sa pratique p\u00e9dagogique s\u2019articulent autour de la lib\u00e9ration du geste cr\u00e9atif et de la transmission des savoirs intimes et universels.<\/p>\n<p data-start=\"1839\" data-end=\"2000\">Ensemble, nous avons cr\u00e9\u00e9 <strong data-start=\"1865\" data-end=\"1878\">Artchemia<\/strong> afin de partager nos travaux, mais aussi d\u2019ouvrir un espace \u00e0 d\u2019autres cr\u00e9ateurs et praticiens.<\/p>\n<p data-start=\"1839\" data-end=\"2000\">La plateforme propose :<\/p>\n<ul data-start=\"2001\" data-end=\"2311\">\n<li data-start=\"2001\" data-end=\"2090\">\n<p data-start=\"2003\" data-end=\"2090\">des <strong data-start=\"2007\" data-end=\"2023\">arts visuels<\/strong> (peintures, sculptures, cr\u00e9ations num\u00e9riques et autres m\u00e9diums),<\/p>\n<\/li>\n<li data-start=\"2091\" data-end=\"2167\">\n<p data-start=\"2093\" data-end=\"2167\">des <strong data-start=\"2097\" data-end=\"2113\">arts sonores<\/strong> (musique, m\u00e9thodes de chant, exp\u00e9riences d\u2019\u00e9coute),<\/p>\n<\/li>\n<li data-start=\"2168\" data-end=\"2249\">\n<p data-start=\"2170\" data-end=\"2249\">des <strong data-start=\"2174\" data-end=\"2246\">ressources et ateliers autour de la m\u00e9ditation et de la naturopathie<\/strong>,<\/p>\n<\/li>\n<li data-start=\"2250\" data-end=\"2311\">\n<p data-start=\"2252\" data-end=\"2311\">des <strong data-start=\"2256\" data-end=\"2308\">publications, livrets, conf\u00e9rences et \u00e9v\u00e9nements<\/strong>.<\/p>\n<\/li>\n<\/ul>\n<p data-start=\"2313\" data-end=\"2568\">Le terme <strong data-start=\"2322\" data-end=\"2335\">gnostique<\/strong>, dans notre approche, signifie la <strong data-start=\"2370\" data-end=\"2397\">connaissance int\u00e9rieure<\/strong> et l\u2019\u00e9veil par l\u2019exp\u00e9rience directe. Artchemia est donc un lieu initiatique et exp\u00e9rientiel, o\u00f9 chacun est invit\u00e9 \u00e0 explorer sa propre dimension subtile et \u00e9nerg\u00e9tique.<\/p>\n<p data-start=\"2570\" data-end=\"2884\">\u00c0 long terme, <strong data-start=\"2584\" data-end=\"2597\">Artchemia<\/strong> aspire \u00e0 devenir un v\u00e9ritable <strong data-start=\"2628\" data-end=\"2662\">archipel de pratiques vivantes<\/strong>, en constante \u00e9volution. C\u2019est un espace pluridisciplinaire et communautaire, \u00e0 la fronti\u00e8re entre l\u2019art, la recherche et la spiritualit\u00e9, o\u00f9 cr\u00e9ateurs et chercheurs de sens peuvent se rencontrer, se relier et co-cr\u00e9er.<\/p>    <\/div>\n<\/div>\n<!-- \/module text -->\t        <\/div>\n\t    \t<\/div>\n\t\t    <\/div>\n\t    <!-- \/row_inner -->\n\t<\/div>\n\t<!-- \/module_row -->\n\t<\/div>\n\n","protected":false},"excerpt":{"rendered":"<p>Accueil A propos Arts Visuels Arts Sonores Chant Synergique Edition M\u00e9ditation Naturopathie Ev\u00e9nements Je fais et je comprends&#8230; Artchemia Plateforme de connexions gnostiques De l\u2019alchimie de l\u2019art et de la nature se lib\u00e8re la magie de la vie. Artchemia est une plateforme de connexion gnostique, initi\u00e9e par deux artistes,\u00a0Lucie Dehli et Micka\u00ebl Hoebregs, \u00e0 la [&hellip;]<\/p>\n","protected":false},"author":1,"featured_media":0,"parent":0,"menu_order":0,"comment_status":"closed","ping_status":"closed","template":"","meta":[],"builder_content":"<a rel=\"nofollow\" href=\"javascript:void(0)\"> <\/a> <ul id=\"menu-menu_1\"><li id=\"menu-item-2459\"><a href=\"https:\/\/artchemia.org\/\" aria-current=\"page\">Accueil<\/a><\/li> <li id=\"menu-item-2486\"><a href=\"https:\/\/artchemia.org\/index.php\/home-5\/\">A propos<\/a><\/li> <li id=\"menu-item-2462\"><a href=\"https:\/\/artchemia.org\/index.php\/home-2\/\">Arts Visuels<\/a><\/li> <li id=\"menu-item-2461\"><a href=\"https:\/\/artchemia.org\/index.php\/home-2-2\/\">Arts Sonores<\/a><\/li> <li id=\"menu-item-2491\"><a href=\"https:\/\/artchemia.org\/index.php\/home-6\/\">Chant Synergique<\/a><\/li> <li id=\"menu-item-2465\"><a href=\"https:\/\/artchemia.org\/index.php\/home-2-2-2\/\">Edition<\/a><\/li> <li id=\"menu-item-2467\"><a href=\"https:\/\/artchemia.org\/index.php\/home-4\/\">M\u00e9ditation<\/a><\/li> <li id=\"menu-item-2468\"><a href=\"https:\/\/artchemia.org\/index.php\/home-2-2-2-2\/\">Naturopathie<\/a><\/li> <li id=\"menu-item-2466\"><a href=\"https:\/\/artchemia.org\/index.php\/home-3\/\">Ev\u00e9nements<\/a><\/li> <li id=\"menu-item-2463\"><a href=\"https:\/\/artchemia.org\/index.php\/blog\/\">Je fais et je comprends&#8230;<\/a><\/li> <\/ul>\n<h1>Artchemia<\/h1>\n<p>Plateforme de connexions gnostiques<\/p>\n<p>De l\u2019alchimie de l\u2019art et de la nature se lib\u00e8re la magie de la vie.<\/p>\n\n<p data-start=\"277\" data-end=\"605\"><strong data-start=\"277\" data-end=\"290\">Artchemia<\/strong> est une plateforme de connexion gnostique, initi\u00e9e par deux artistes,<strong data-start=\"361\" data-end=\"379\">\u00a0<a href=\"http:\/\/www.luciedehli.com\">Lucie Dehli <\/a><\/strong>et <strong><a href=\"http:\/\/www.hoebregs.com\">Micka\u00ebl Hoebregs<\/a><\/strong>, \u00e0 la crois\u00e9e de l\u2019art, de la cr\u00e9ativit\u00e9 et de la qu\u00eate int\u00e9rieure.<br data-start=\"471\" data-end=\"474\" \/><strong>De l\u2019alchimie de l\u2019art et de la nature se lib\u00e8re la magie de la vie<\/strong> : telle est notre conviction et le fil conducteur de ce lieu.<\/p> <p data-start=\"607\" data-end=\"1151\"><strong>Artchemia<\/strong> est libre de toute appartenance religieuse. Elle s\u2019inscrit dans une vision initiatique et spirituelle, ouverte, o\u00f9 l\u2019\u00e9nergie et la cr\u00e9ation se rencontrent pour r\u00e9v\u00e9ler d\u2019autres mani\u00e8res de vivre, de ressentir et de partager. <strong data-start=\"847\" data-end=\"860\">Artchemia<\/strong> se veut un espace de rencontre entre des univers multiples - arts visuels, arts sonores, pratiques corporelles, approches naturopathiques - et des personnes d\u00e9sireuses d\u2019aborder la vie au-del\u00e0 de la lin\u00e9arit\u00e9 et de la verticalit\u00e9, dans une dimension plus vibrante, sensible et holistique.<\/p> <p data-start=\"1153\" data-end=\"1503\"><strong data-start=\"1153\" data-end=\"1171\">Lucie Dehli<\/strong>, artiste visuelle et sonore, ma\u00eetre-praticienne (Lucie Gaillard) en Sophrologie Dynamique\u00ae, a d\u00e9velopp\u00e9 la <strong data-start=\"1251\" data-end=\"1282\">m\u00e9thode du <a href=\"http:\/\/www.chantsynergique.com\">C<\/a><a href=\"http:\/\/www.chantsynergique.com\">hant Synergique<\/a><\/strong>, fruit de ses recherches autour du chant et de la sophrologie dynamique. Elle propose \u00e9galement des conf\u00e9rences et ateliers autour de \"<strong data-start=\"1417\" data-end=\"1456\">l\u2019Essence Energ\u00e9tique de la r\u00e9alit\u00e9\"<\/strong> et des forces cr\u00e9atives qui nous traversent.<\/p> <p data-start=\"1505\" data-end=\"1837\"><strong data-start=\"1505\" data-end=\"1525\">Micka\u00ebl Hoebregs <\/strong>est un artiste visuel, num\u00e9rique largement publi\u00e9 et \u00e9dit\u00e9, et typographe. Il est \u00e9galement professeur et enseigne selon la <strong data-start=\"1596\" data-end=\"1626\">p\u00e9dagogie de la cr\u00e9ativit\u00e9<\/strong> dont il a fait son sujet d'\u00e9tudes. Ses productions artistiques, ses recherches sur les th\u00e8mes \u00e9nerg\u00e9tiques (<strong><a href=\"http:\/\/www.rennesceltique.wordpress.com\">Voir site Rennes Celtique<\/a><\/strong>) et sa pratique p\u00e9dagogique s\u2019articulent autour de la lib\u00e9ration du geste cr\u00e9atif et de la transmission des savoirs intimes et universels.<\/p> <p data-start=\"1839\" data-end=\"2000\">Ensemble, nous avons cr\u00e9\u00e9 <strong data-start=\"1865\" data-end=\"1878\">Artchemia<\/strong> afin de partager nos travaux, mais aussi d\u2019ouvrir un espace \u00e0 d\u2019autres cr\u00e9ateurs et praticiens.<\/p> <p data-start=\"1839\" data-end=\"2000\">La plateforme propose :<\/p> <ul data-start=\"2001\" data-end=\"2311\"> <li data-start=\"2001\" data-end=\"2090\"> <p data-start=\"2003\" data-end=\"2090\">des <strong data-start=\"2007\" data-end=\"2023\">arts visuels<\/strong> (peintures, sculptures, cr\u00e9ations num\u00e9riques et autres m\u00e9diums),<\/p> <\/li> <li data-start=\"2091\" data-end=\"2167\"> <p data-start=\"2093\" data-end=\"2167\">des <strong data-start=\"2097\" data-end=\"2113\">arts sonores<\/strong> (musique, m\u00e9thodes de chant, exp\u00e9riences d\u2019\u00e9coute),<\/p> <\/li> <li data-start=\"2168\" data-end=\"2249\"> <p data-start=\"2170\" data-end=\"2249\">des <strong data-start=\"2174\" data-end=\"2246\">ressources et ateliers autour de la m\u00e9ditation et de la naturopathie<\/strong>,<\/p> <\/li> <li data-start=\"2250\" data-end=\"2311\"> <p data-start=\"2252\" data-end=\"2311\">des <strong data-start=\"2256\" data-end=\"2308\">publications, livrets, conf\u00e9rences et \u00e9v\u00e9nements<\/strong>.<\/p> <\/li> <\/ul> <p data-start=\"2313\" data-end=\"2568\">Le terme <strong data-start=\"2322\" data-end=\"2335\">gnostique<\/strong>, dans notre approche, signifie la <strong data-start=\"2370\" data-end=\"2397\">connaissance int\u00e9rieure<\/strong> et l\u2019\u00e9veil par l\u2019exp\u00e9rience directe. Artchemia est donc un lieu initiatique et exp\u00e9rientiel, o\u00f9 chacun est invit\u00e9 \u00e0 explorer sa propre dimension subtile et \u00e9nerg\u00e9tique.<\/p> <p data-start=\"2570\" data-end=\"2884\">\u00c0 long terme, <strong data-start=\"2584\" data-end=\"2597\">Artchemia<\/strong> aspire \u00e0 devenir un v\u00e9ritable <strong data-start=\"2628\" data-end=\"2662\">archipel de pratiques vivantes<\/strong>, en constante \u00e9volution. C\u2019est un espace pluridisciplinaire et communautaire, \u00e0 la fronti\u00e8re entre l\u2019art, la recherche et la spiritualit\u00e9, o\u00f9 cr\u00e9ateurs et chercheurs de sens peuvent se rencontrer, se relier et co-cr\u00e9er.<\/p>","_links":{"self":[{"href":"https:\/\/artchemia.org\/index.php\/wp-json\/wp\/v2\/pages\/2478"}],"collection":[{"href":"https:\/\/artchemia.org\/index.php\/wp-json\/wp\/v2\/pages"}],"about":[{"href":"https:\/\/artchemia.org\/index.php\/wp-json\/wp\/v2\/types\/page"}],"author":[{"embeddable":true,"href":"https:\/\/artchemia.org\/index.php\/wp-json\/wp\/v2\/users\/1"}],"replies":[{"embeddable":true,"href":"https:\/\/artchemia.org\/index.php\/wp-json\/wp\/v2\/comments?post=2478"}],"version-history":[{"count":7,"href":"https:\/\/artchemia.org\/index.php\/wp-json\/wp\/v2\/pages\/2478\/revisions"}],"predecessor-version":[{"id":2504,"href":"https:\/\/artchemia.org\/index.php\/wp-json\/wp\/v2\/pages\/2478\/revisions\/2504"}],"wp:attachment":[{"href":"https:\/\/artchemia.org\/index.php\/wp-json\/wp\/v2\/media?parent=2478"}],"curies":[{"name":"wp","href":"https:\/\/api.w.org\/{rel}","templated":true}]}}